{"id":2456,"date":"2018-07-10T17:05:08","date_gmt":"2018-07-10T15:05:08","guid":{"rendered":"http:\/\/www.gruene-muellheim-neuenburg.de\/up\/?page_id=2456"},"modified":"2024-02-15T12:36:48","modified_gmt":"2024-02-15T10:36:48","slug":"kontakt-2","status":"publish","type":"page","link":"http:\/\/www.gruene-muellheim-neuenburg.de\/up\/?page_id=2456","title":{"rendered":"Kontakt"},"content":{"rendered":"<p>B\u00fcndnis 90 \/ Die Gr\u00fcnen, OV Markgr\u00e4flerland \u2013 Auggen, Buggingen, M\u00fcllheim, Neuenburg, Sulzburg<\/p>\n<p><strong>Vorstand OV Markgr\u00e4flerland:<\/strong><\/p>\n<p><strong>Martin Buchholz,<\/strong> M\u00fcllheim<\/p>\n<p><b><a class=\"fancybox\" rel=\"gallery2456\" href=\"http:\/\/www.gruene-muellheim-neuenburg.de\/up\/?attachment_id=3460\" rel=\"attachment wp-att-3460\"><img loading=\"lazy\" decoding=\"async\" class=\"wp-image-3460 alignleft\" src=\"http:\/\/www.gruene-muellheim-neuenburg.de\/up\/wp-content\/uploads\/2022\/04\/96F46C4C-3B1C-45BF-9635-471C4DF67061.jpeg\" alt=\"\" width=\"105\" height=\"135\" \/><\/a>Dora Pfeifer-Suger,<\/b><br \/>\nBritzinger Weg 24,<br \/>\n79379 M\u00fcllheim,<br \/>\nTel.\/Fax: 07631-173657,<br \/>\n<a href=\"mailto:dora.pfeifer-suger@gruene-muellheim-neuenburg.de\">dora.pfeifer-suger@gruene-muellheim-neuenburg.de<\/a><\/p>\n<p><strong><a class=\"fancybox\" rel=\"gallery2456\" href=\"http:\/\/www.gruene-muellheim-neuenburg.de\/up\/?attachment_id=3461\" rel=\"attachment wp-att-3461\"><img loading=\"lazy\" decoding=\"async\" class=\"wp-image-3461 alignleft\" src=\"http:\/\/www.gruene-muellheim-neuenburg.de\/up\/wp-content\/uploads\/2022\/04\/0FE8E0C1-AC18-491C-BF96-792F3A22D772.jpeg\" alt=\"\" width=\"140\" height=\"142\" \/><\/a>Vivian Polzer<\/strong><\/p>\n<p>Buggingen<\/p>\n<p>vivian.polzer@gruene-muellheim-neuenburg.de<\/p>\n","protected":false},"excerpt":{"rendered":"<p>B\u00fcndnis 90 \/ Die Gr\u00fcnen, OV Markgr\u00e4flerland \u2013 Auggen, Buggingen, M\u00fcllheim, Neuenburg, Sulzburg Vorstand OV Markgr\u00e4flerland: Martin Buchholz, M\u00fcllheim Dora Pfeifer-Suger, Britzinger Weg 24, 79379 M\u00fcllheim, Tel.\/Fax: 07631-173657, dora.pfeifer-suger@gruene-muellheim-neuenburg.de Vivian&#8230; <\/p>\n","protected":false},"author":4,"featured_media":0,"parent":0,"menu_order":0,"comment_status":"closed","ping_status":"closed","template":"","meta":{"footnotes":""},"class_list":["post-2456","page","type-page","status-publish","hentry"],"_links":{"self":[{"href":"http:\/\/www.gruene-muellheim-neuenburg.de\/up\/index.php?rest_route=\/wp\/v2\/pages\/2456","targetHints":{"allow":["GET"]}}],"collection":[{"href":"http:\/\/www.gruene-muellheim-neuenburg.de\/up\/index.php?rest_route=\/wp\/v2\/pages"}],"about":[{"href":"http:\/\/www.gruene-muellheim-neuenburg.de\/up\/index.php?rest_route=\/wp\/v2\/types\/page"}],"author":[{"embeddable":true,"href":"http:\/\/www.gruene-muellheim-neuenburg.de\/up\/index.php?rest_route=\/wp\/v2\/users\/4"}],"replies":[{"embeddable":true,"href":"http:\/\/www.gruene-muellheim-neuenburg.de\/up\/index.php?rest_route=%2Fwp%2Fv2%2Fcomments&post=2456"}],"version-history":[{"count":7,"href":"http:\/\/www.gruene-muellheim-neuenburg.de\/up\/index.php?rest_route=\/wp\/v2\/pages\/2456\/revisions"}],"predecessor-version":[{"id":3661,"href":"http:\/\/www.gruene-muellheim-neuenburg.de\/up\/index.php?rest_route=\/wp\/v2\/pages\/2456\/revisions\/3661"}],"wp:attachment":[{"href":"http:\/\/www.gruene-muellheim-neuenburg.de\/up\/index.php?rest_route=%2Fwp%2Fv2%2Fmedia&parent=2456"}],"curies":[{"name":"wp","href":"https:\/\/api.w.org\/{rel}","templated":true}]}}